{"id":892,"date":"2025-03-01T19:19:45","date_gmt":"2025-03-01T19:19:45","guid":{"rendered":"https:\/\/www.ict4care.be\/?page_id=892"},"modified":"2025-03-13T09:32:17","modified_gmt":"2025-03-13T09:32:17","slug":"praktische-info-2025","status":"publish","type":"page","link":"https:\/\/www.ict4care.be\/index.php\/praktische-info-2025\/","title":{"rendered":"Praktische info 2025"},"content":{"rendered":"<p style=\"text-align: center;\"><a href=\"https:\/\/www.netwerkverpleegkunde.be\/28ste-colloquium-ICT4Care-2025\" class=\"su-button su-button-style-default\" style=\"color:#FFFFFF;background-color:#217197;border-color:#1b5b79;border-radius:7px\" target=\"_blank\" rel=\"noopener noreferrer\"><span style=\"color:#FFFFFF;padding:0px 20px;font-size:16px;line-height:32px;border-color:#649cb7;border-radius:7px;text-shadow:none\"> Schrijf je in als deelnemer <\/span><\/a>\n<a href=\"https:\/\/www.ict4care.be\/index.php\/inschrijven-als-medewerker-van-een-ict-bedrijf\/\" class=\"su-button su-button-style-default\" style=\"color:#FFFFFF;background-color:#217197;border-color:#1b5b79;border-radius:7px\" target=\"_blank\" rel=\"noopener noreferrer\"><span style=\"color:#FFFFFF;padding:0px 20px;font-size:16px;line-height:32px;border-color:#649cb7;border-radius:7px;text-shadow:none\"> Schrijf je in als deelnemer van ICT-bedrijf <\/span><\/a>\n<p><strong>Kostprijs<\/strong><br \/>\nDe kosten (incl. presentaties op de ICT4care-App of digitaal platform, onthaal, koffiepauzes en lunch) bedragen:<\/p>\n\n<table id=\"tablepress-1\" class=\"tablepress tablepress-id-1\">\n<tbody class=\"row-striping row-hover\">\n<tr class=\"row-1\">\n\t<td class=\"column-1\">Fysieke &amp; virt. deelname niet-lid die lid van Netwerk Verpleegkunde wil worden (juni-dec 2025)<\/td><td class=\"column-2\">230\u20ac<\/td>\n<\/tr>\n<tr class=\"row-2\">\n\t<td class=\"column-1\">Fysieke &amp; virt. deelname niet-leden Netwerk Verpleegkunde  <\/td><td class=\"column-2\">210\u20ac<\/td>\n<\/tr>\n<tr class=\"row-3\">\n\t<td class=\"column-1\">Fysieke &amp; virt. deelname leden Netwerk Verpleegkunde  <\/td><td class=\"column-2\">170\u20ac<\/td>\n<\/tr>\n<tr class=\"row-4\">\n\t<td class=\"column-1\">Virtuele deelname colloquium medewerker ICT-bedrijf \/consultant\/andere     <\/td><td class=\"column-2\">210\u20ac<\/td>\n<\/tr>\n<tr class=\"row-5\">\n\t<td class=\"column-1\">Virtuele deelname colloquium bezoeker uit gezondheidssector (geen lid)<\/td><td class=\"column-2\">150\u20ac<\/td>\n<\/tr>\n<tr class=\"row-6\">\n\t<td class=\"column-1\">Virtuele deelname colloquium bezoeker uit gezondheidssector (lid Netwerk Verpleegkunde)<\/td><td class=\"column-2\">130\u20ac<\/td>\n<\/tr>\n<tr class=\"row-7\">\n\t<td class=\"column-1\">Combiticket \u2013 colloquium ICT4care &amp; Voka-symposium \u2013 full day (8.30-20.30 uur)  <\/td><td class=\"column-2\">290\u20ac<\/td>\n<\/tr>\n<tr class=\"row-8\">\n\t<td class=\"column-1\">Combiticket \u2013 colloquium ICT4care &amp; Voka-symposium \u2013 afternoon &amp; evening (14.00-20.30 u)<\/td><td class=\"column-2\">210\u20ac<\/td>\n<\/tr>\n<tr class=\"row-9\">\n\t<td class=\"column-1\">Virtuele deelname studenten van een zorg- of ICT-opleiding     <\/td><td class=\"column-2\">50\u20ac<\/td>\n<\/tr>\n<tr class=\"row-10\">\n\t<td class=\"column-1\">Lid werkgroep ICT4care      <\/td><td class=\"column-2\">0\u20ac<\/td>\n<\/tr>\n<tr class=\"row-11\">\n\t<td class=\"column-1\">Spreker                                                                                                                                             <\/td><td class=\"column-2\">0\u20ac<\/td>\n<\/tr>\n<\/tbody>\n<\/table>\n<!-- #tablepress-1 from cache -->\n<p>De tarieven zijn vrijgesteld van BTW<\/p>\n<p><strong>Inschrijven<\/strong><\/p>\n<p><strong>Early Bird tarief <\/strong> Inschrijven kan tot 14 maart 2025 aan het basis-tarief<br \/>\nVanaf 15 maart wordt een <strong>supplement<\/strong> aangerekend van 10 Euro op de toegangsprijs<br \/>\nVanaf 17 maart wordt een <strong>supplement<\/strong> aangerekend van 20 Euro op de toegangsprijs<br \/>\nInschrijving ter plaatse: Toeslag van 50 Euro<\/p>\n<p>Je krijgt na je online inschrijving automatisch een bevestiging.<br \/>\nBij de inschrijving moet je kiezen welke sessies je wenst te volgen. Je kan slechts \u00e9\u00e9n sessie kiezen in de voormiddag en \u00e9\u00e9n sessie in de namiddag.<br \/>\nWens je je in te schrijven voor het avondsymposium van Voka Health Community. Registreer je dan via de website https:\/\/www.voka.be\/hc\/activiteiten .<br \/>\nBij problemen met de inschrijving kan je contact opnemen met Marijke Rothier via telefoonnummer 02\/737 97 83. Zelfstandig verpleegkundigen hebben de mogelijkheid ter plaatse een fiscaal attest aan te vragen. Voor alle deelnemers wordt een attest van deelname voorzien.<\/p>\n<p><strong>Betaling<\/strong><br \/>\nBetaal het bedrag van \u20ac \u2026\u2026\u2026.. op het rekeningnummer BE31 7340 4121 9955 v\u00f3\u00f3r 12 maart 2025<br \/>\nmet vermelding van het OGM-nummer dat je op de bevestiging van je inschrijving terugvindt.<\/p>\n<p><strong>Bevestigingsmail met barcode<\/strong><br \/>\nDe dag voor het colloquium ontvang je een bevestigingsmail met barcode.<br \/>\nHet gebruik van je persoonlijk mailadres is vereist voor de registratie en toegang tot de ICT4care App of het digitaal platform.<br \/>\nBreng deze bevestigingsmail op papier of digitaal mee op de dag van het congres voor registratie aan het onthaal. In ruil daarvoor ontvang je je toegangsbadge met QR-code, waarop de volgende gegevens staan vermeld: naam, voornaam, functie van de deelnemer &#8211; gemeente en naam van de zorgvoorziening, evenals je mailadres. Deze gegevens worden enkel gedeeld met de personen van wie je het connectieverzoek aanvaard. Indien gewenst kan je deze barcode laten scannen door je gesprekspartners.<\/p>\n<p><strong>Annulatie<\/strong><br \/>\nAnnulatie kan kosteloos tot 20 februari 2025. Als je annuleert minder dan 1 maand voor het colloquium wordt de inschrijvingskost volledig aangerekend. Je kan je betalende inschrijving niet annuleren als je een gesponsord ticket is aangeboden. Niet-aangemelde afwezigheid geeft geen recht op terugbetaling. In dat geval is de volledige toegangsprijs verschuldigd. Het is echter wel toegestaan om je te laten vervangen door een nog niet geregistreerde deelnemer, mits melding aan het secretariaat via administratie@netwerkverpleegkunde.be.<\/p>\n<p><strong>Deelnemerslijsten<\/strong><br \/>\nOp de ICT4care-congres-App of digitaal platform wordt per sessie een deelnemerslijst voorzien met de naam, voornaam, functie van de deelnemer &#8211; gemeente en naam van de zorgvoorziening. Wens je niet dat je naam wordt vermeld, gelieve dit dan aan te geven op je inschrijvingsformulier. De deelnemerslijsten zijn uitsluitend toegankelijk voor de deelnemers aan het colloquium.<br \/>\n<strong>Catering<\/strong><br \/>\nKoffie, thee, fruitsap, cake en dessertkoekjes bij aankomst en pauzes<br \/>\nWalking buffet (middag) \u2013 inclusief wijn, softdrinks en water<br \/>\nDessertenbuffet \u2013 inclusief koffie<br \/>\nNetwerkdrink en tombola<\/p>\n<p><strong>Tombola &amp; netwerkdrink<\/strong><br \/>\nOp het einde van de dag wordt er onder de aanwezige deelnemers een gratis tombola georganiseerd. Er zijn verschillende mooie prijzen te winnen. De trekking vindt plaats om 17.20 uur.<\/p>\n<p><strong>Beeldmateriaal<\/strong><br \/>\nOm privacy-redenen willen we je informeren dat er mogelijk beeldmateriaal, zoals foto&#8217;s en\/of video&#8217;s, kunnen worden gecre\u00eberd tijdens het colloquium. Dit materiaal kan later worden gebruikt via onze eigen mediakanalen.<\/p>\n","protected":false},"excerpt":{"rendered":"<p>Kostprijs De kosten (incl. presentaties op de ICT4care-App of digitaal platform, onthaal, koffiepauzes en lunch) bedragen: De tarieven zijn vrijgesteld&hellip; <\/p>\n","protected":false},"author":1,"featured_media":0,"parent":0,"menu_order":0,"comment_status":"closed","ping_status":"closed","template":"","meta":{"_cbd_carousel_blocks":"[]","footnotes":""},"folder":[],"class_list":["post-892","page","type-page","status-publish","hentry"],"yoast_head":"<!-- This site is optimized with the Yoast SEO plugin v24.4 - https:\/\/yoast.com\/wordpress\/plugins\/seo\/ -->\n<title>Praktische info 2025 - ICT4care<\/title>\n<meta name=\"robots\" content=\"index, follow, max-snippet:-1, max-image-preview:large, max-video-preview:-1\" \/>\n<link rel=\"canonical\" href=\"https:\/\/www.ict4care.be\/index.php\/praktische-info-2025\/\" \/>\n<meta property=\"og:locale\" content=\"nl_NL\" \/>\n<meta property=\"og:type\" content=\"article\" \/>\n<meta property=\"og:title\" content=\"Praktische info 2025 - ICT4care\" \/>\n<meta property=\"og:description\" content=\"Kostprijs De kosten (incl. presentaties op de ICT4care-App of digitaal platform, onthaal, koffiepauzes en lunch) bedragen: De tarieven zijn vrijgesteld&hellip;\" \/>\n<meta property=\"og:url\" content=\"https:\/\/www.ict4care.be\/index.php\/praktische-info-2025\/\" \/>\n<meta property=\"og:site_name\" content=\"ICT4care\" \/>\n<meta property=\"article:modified_time\" content=\"2025-03-13T09:32:17+00:00\" \/>\n<meta name=\"twitter:card\" content=\"summary_large_image\" \/>\n<meta name=\"twitter:label1\" content=\"Geschatte leestijd\" \/>\n\t<meta name=\"twitter:data1\" content=\"3 minuten\" \/>\n<script type=\"application\/ld+json\" class=\"yoast-schema-graph\">{\"@context\":\"https:\/\/schema.org\",\"@graph\":[{\"@type\":\"WebPage\",\"@id\":\"https:\/\/www.ict4care.be\/index.php\/praktische-info-2025\/\",\"url\":\"https:\/\/www.ict4care.be\/index.php\/praktische-info-2025\/\",\"name\":\"Praktische info 2025 - ICT4care\",\"isPartOf\":{\"@id\":\"https:\/\/www.ict4care.be\/#website\"},\"datePublished\":\"2025-03-01T19:19:45+00:00\",\"dateModified\":\"2025-03-13T09:32:17+00:00\",\"breadcrumb\":{\"@id\":\"https:\/\/www.ict4care.be\/index.php\/praktische-info-2025\/#breadcrumb\"},\"inLanguage\":\"nl-NL\",\"potentialAction\":[{\"@type\":\"ReadAction\",\"target\":[\"https:\/\/www.ict4care.be\/index.php\/praktische-info-2025\/\"]}]},{\"@type\":\"BreadcrumbList\",\"@id\":\"https:\/\/www.ict4care.be\/index.php\/praktische-info-2025\/#breadcrumb\",\"itemListElement\":[{\"@type\":\"ListItem\",\"position\":1,\"name\":\"Home\",\"item\":\"https:\/\/www.ict4care.be\/\"},{\"@type\":\"ListItem\",\"position\":2,\"name\":\"Praktische info 2025\"}]},{\"@type\":\"WebSite\",\"@id\":\"https:\/\/www.ict4care.be\/#website\",\"url\":\"https:\/\/www.ict4care.be\/\",\"name\":\"ICT4care\",\"description\":\"Colloquium ICT4care\",\"potentialAction\":[{\"@type\":\"SearchAction\",\"target\":{\"@type\":\"EntryPoint\",\"urlTemplate\":\"https:\/\/www.ict4care.be\/?s={search_term_string}\"},\"query-input\":{\"@type\":\"PropertyValueSpecification\",\"valueRequired\":true,\"valueName\":\"search_term_string\"}}],\"inLanguage\":\"nl-NL\"}]}<\/script>\n<!-- \/ Yoast SEO plugin. -->","yoast_head_json":{"title":"Praktische info 2025 - ICT4care","robots":{"index":"index","follow":"follow","max-snippet":"max-snippet:-1","max-image-preview":"max-image-preview:large","max-video-preview":"max-video-preview:-1"},"canonical":"https:\/\/www.ict4care.be\/index.php\/praktische-info-2025\/","og_locale":"nl_NL","og_type":"article","og_title":"Praktische info 2025 - ICT4care","og_description":"Kostprijs De kosten (incl. presentaties op de ICT4care-App of digitaal platform, onthaal, koffiepauzes en lunch) bedragen: De tarieven zijn vrijgesteld&hellip;","og_url":"https:\/\/www.ict4care.be\/index.php\/praktische-info-2025\/","og_site_name":"ICT4care","article_modified_time":"2025-03-13T09:32:17+00:00","twitter_card":"summary_large_image","twitter_misc":{"Geschatte leestijd":"3 minuten"},"schema":{"@context":"https:\/\/schema.org","@graph":[{"@type":"WebPage","@id":"https:\/\/www.ict4care.be\/index.php\/praktische-info-2025\/","url":"https:\/\/www.ict4care.be\/index.php\/praktische-info-2025\/","name":"Praktische info 2025 - ICT4care","isPartOf":{"@id":"https:\/\/www.ict4care.be\/#website"},"datePublished":"2025-03-01T19:19:45+00:00","dateModified":"2025-03-13T09:32:17+00:00","breadcrumb":{"@id":"https:\/\/www.ict4care.be\/index.php\/praktische-info-2025\/#breadcrumb"},"inLanguage":"nl-NL","potentialAction":[{"@type":"ReadAction","target":["https:\/\/www.ict4care.be\/index.php\/praktische-info-2025\/"]}]},{"@type":"BreadcrumbList","@id":"https:\/\/www.ict4care.be\/index.php\/praktische-info-2025\/#breadcrumb","itemListElement":[{"@type":"ListItem","position":1,"name":"Home","item":"https:\/\/www.ict4care.be\/"},{"@type":"ListItem","position":2,"name":"Praktische info 2025"}]},{"@type":"WebSite","@id":"https:\/\/www.ict4care.be\/#website","url":"https:\/\/www.ict4care.be\/","name":"ICT4care","description":"Colloquium ICT4care","potentialAction":[{"@type":"SearchAction","target":{"@type":"EntryPoint","urlTemplate":"https:\/\/www.ict4care.be\/?s={search_term_string}"},"query-input":{"@type":"PropertyValueSpecification","valueRequired":true,"valueName":"search_term_string"}}],"inLanguage":"nl-NL"}]}},"_links":{"self":[{"href":"https:\/\/www.ict4care.be\/index.php\/wp-json\/wp\/v2\/pages\/892","targetHints":{"allow":["GET"]}}],"collection":[{"href":"https:\/\/www.ict4care.be\/index.php\/wp-json\/wp\/v2\/pages"}],"about":[{"href":"https:\/\/www.ict4care.be\/index.php\/wp-json\/wp\/v2\/types\/page"}],"author":[{"embeddable":true,"href":"https:\/\/www.ict4care.be\/index.php\/wp-json\/wp\/v2\/users\/1"}],"replies":[{"embeddable":true,"href":"https:\/\/www.ict4care.be\/index.php\/wp-json\/wp\/v2\/comments?post=892"}],"version-history":[{"count":21,"href":"https:\/\/www.ict4care.be\/index.php\/wp-json\/wp\/v2\/pages\/892\/revisions"}],"predecessor-version":[{"id":970,"href":"https:\/\/www.ict4care.be\/index.php\/wp-json\/wp\/v2\/pages\/892\/revisions\/970"}],"wp:attachment":[{"href":"https:\/\/www.ict4care.be\/index.php\/wp-json\/wp\/v2\/media?parent=892"}],"wp:term":[{"taxonomy":"folder","embeddable":true,"href":"https:\/\/www.ict4care.be\/index.php\/wp-json\/wp\/v2\/folder?post=892"}],"curies":[{"name":"wp","href":"https:\/\/api.w.org\/{rel}","templated":true}]}}